{"id":464,"date":"2021-04-28T16:35:06","date_gmt":"2021-04-28T19:35:06","guid":{"rendered":"http:\/\/plataformas.uantof.cl\/?page_id=464"},"modified":"2021-04-28T16:35:15","modified_gmt":"2021-04-28T19:35:15","slug":"tutorial-uso-moodle","status":"publish","type":"page","link":"http:\/\/plataformas.uantof.cl\/index.php\/tutorial-uso-moodle\/","title":{"rendered":"Tutorial Uso Moodle"},"content":{"rendered":"\t\t<div data-elementor-type=\"wp-page\" data-elementor-id=\"464\" class=\"elementor elementor-464\" data-elementor-settings=\"[]\">\n\t\t\t\t\t\t\t<div class=\"elementor-section-wrap\">\n\t\t\t\t\t\t\t<section class=\"elementor-section elementor-top-section elementor-element elementor-element-5945027a elementor-section-boxed elementor-section-height-default elementor-section-height-default\" data-id=\"5945027a\" data-element_type=\"section\" data-settings=\"{&quot;background_background&quot;:&quot;classic&quot;}\">\n\t\t\t\t\t\t<div class=\"elementor-container elementor-column-gap-default\">\n\t\t\t\t\t<div class=\"elementor-column elementor-col-50 elementor-top-column elementor-element elementor-element-7053adb9\" data-id=\"7053adb9\" data-element_type=\"column\">\n\t\t\t<div class=\"elementor-widget-wrap elementor-element-populated\">\n\t\t\t\t\t\t\t\t<div class=\"elementor-element elementor-element-687339a0 elementor-widget elementor-widget-heading\" data-id=\"687339a0\" data-element_type=\"widget\" data-widget_type=\"heading.default\">\n\t\t\t\t<div class=\"elementor-widget-container\">\n\t\t\t<h2 class=\"elementor-heading-title elementor-size-default\">Tutoriales Uso de Plataforma Moodle\n<\/h2>\t\t<\/div>\n\t\t\t\t<\/div>\n\t\t\t\t\t<\/div>\n\t\t<\/div>\n\t\t\t\t<div class=\"elementor-column elementor-col-50 elementor-top-column elementor-element elementor-element-64c2c879\" data-id=\"64c2c879\" data-element_type=\"column\">\n\t\t\t<div class=\"elementor-widget-wrap elementor-element-populated\">\n\t\t\t\t\t\t\t\t<div class=\"elementor-element elementor-element-698a6329 elementor-widget elementor-widget-image\" data-id=\"698a6329\" data-element_type=\"widget\" data-widget_type=\"image.default\">\n\t\t\t\t<div class=\"elementor-widget-container\">\n\t\t\t\t\t\t\t\t\t\t\t\t\t\t\t<img width=\"1024\" height=\"683\" src=\"http:\/\/plataformas.uantof.cl\/wp-content\/uploads\/2021\/04\/docentes-1024x683.png\" class=\"attachment-large size-large\" alt=\"\" loading=\"lazy\" srcset=\"http:\/\/plataformas.uantof.cl\/wp-content\/uploads\/2021\/04\/docentes-1024x683.png 1024w, http:\/\/plataformas.uantof.cl\/wp-content\/uploads\/2021\/04\/docentes-300x200.png 300w, http:\/\/plataformas.uantof.cl\/wp-content\/uploads\/2021\/04\/docentes-768x512.png 768w, http:\/\/plataformas.uantof.cl\/wp-content\/uploads\/2021\/04\/docentes-1536x1024.png 1536w, http:\/\/plataformas.uantof.cl\/wp-content\/uploads\/2021\/04\/docentes-2048x1365.png 2048w\" sizes=\"(max-width: 1024px) 100vw, 1024px\" \/>\t\t\t\t\t\t\t\t\t\t\t\t\t\t\t<\/div>\n\t\t\t\t<\/div>\n\t\t\t\t\t<\/div>\n\t\t<\/div>\n\t\t\t\t\t\t\t<\/div>\n\t\t<\/section>\n\t\t\t\t<section class=\"elementor-section elementor-top-section elementor-element elementor-element-58d7ade9 elementor-section-boxed elementor-section-height-default elementor-section-height-default\" data-id=\"58d7ade9\" data-element_type=\"section\">\n\t\t\t\t\t\t<div class=\"elementor-container elementor-column-gap-extended\">\n\t\t\t\t\t<div class=\"elementor-column elementor-col-50 elementor-top-column elementor-element elementor-element-7667da35\" data-id=\"7667da35\" data-element_type=\"column\">\n\t\t\t<div class=\"elementor-widget-wrap elementor-element-populated\">\n\t\t\t\t\t\t\t\t<div class=\"elementor-element elementor-element-4e30f753 elementor-widget elementor-widget-text-editor\" data-id=\"4e30f753\" data-element_type=\"widget\" data-widget_type=\"text-editor.default\">\n\t\t\t\t<div class=\"elementor-widget-container\">\n\t\t\t\t\t\t\t\t<p><b>Estimado acad\u00e9mico y estudiante<\/b>: ponemos a su disposici\u00f3n diferentes recursos pedag\u00f3gicos e insumos que te facilitar\u00e1n la configuraci\u00f3n y utilizaci\u00f3n de la plataforma educativa Moodle. Tienes a disposici\u00f3n 6 documentos de base y dos tutoriales online para su uso.<\/p>\t\t\t\t\t\t<\/div>\n\t\t\t\t<\/div>\n\t\t\t\t<div class=\"elementor-element elementor-element-3a68779b elementor-widget elementor-widget-heading\" data-id=\"3a68779b\" data-element_type=\"widget\" data-widget_type=\"heading.default\">\n\t\t\t\t<div class=\"elementor-widget-container\">\n\t\t\t<span class=\"elementor-heading-title elementor-size-default\">Manuales para docentes y estudiantes<\/span>\t\t<\/div>\n\t\t\t\t<\/div>\n\t\t\t\t<div class=\"elementor-element elementor-element-db31e15 elementor-position-left elementor-vertical-align-top elementor-invisible elementor-widget elementor-widget-image-box\" data-id=\"db31e15\" data-element_type=\"widget\" data-settings=\"{&quot;_animation&quot;:&quot;fadeInRight&quot;}\" data-widget_type=\"image-box.default\">\n\t\t\t\t<div class=\"elementor-widget-container\">\n\t\t\t<div class=\"elementor-image-box-wrapper\"><figure class=\"elementor-image-box-img\"><a href=\"http:\/\/plataformas.uantof.cl\/wp-content\/uploads\/2020\/04\/Manual-Moodle-para-acade%CC%81micos.pdf\" target=\"_blank\"><img width=\"41\" height=\"34\" src=\"http:\/\/plataformas.uantof.cl\/wp-content\/uploads\/2021\/04\/descarga.png\" class=\"attachment-full size-full\" alt=\"\" loading=\"lazy\" \/><\/a><\/figure><div class=\"elementor-image-box-content\"><span class=\"elementor-image-box-title\"><a href=\"http:\/\/plataformas.uantof.cl\/wp-content\/uploads\/2020\/04\/Manual-Moodle-para-acade%CC%81micos.pdf\" target=\"_blank\">Manual Moodle para acade\u0301micos<\/a><\/span><\/div><\/div>\t\t<\/div>\n\t\t\t\t<\/div>\n\t\t\t\t<div class=\"elementor-element elementor-element-5199812a elementor-position-left elementor-vertical-align-top elementor-invisible elementor-widget elementor-widget-image-box\" data-id=\"5199812a\" data-element_type=\"widget\" data-settings=\"{&quot;_animation&quot;:&quot;fadeInRight&quot;}\" data-widget_type=\"image-box.default\">\n\t\t\t\t<div class=\"elementor-widget-container\">\n\t\t\t<div class=\"elementor-image-box-wrapper\"><figure class=\"elementor-image-box-img\"><a href=\"http:\/\/plataformas.uantof.cl\/wp-content\/uploads\/2020\/04\/Manual-Moodle-para-estudiantes.pdf\" target=\"_blank\"><img width=\"41\" height=\"34\" src=\"http:\/\/plataformas.uantof.cl\/wp-content\/uploads\/2021\/04\/descarga.png\" class=\"attachment-full size-full\" alt=\"\" loading=\"lazy\" \/><\/a><\/figure><div class=\"elementor-image-box-content\"><span class=\"elementor-image-box-title\"><a href=\"http:\/\/plataformas.uantof.cl\/wp-content\/uploads\/2020\/04\/Manual-Moodle-para-estudiantes.pdf\" target=\"_blank\">Manual Moodle para estudiantes<\/a><\/span><\/div><\/div>\t\t<\/div>\n\t\t\t\t<\/div>\n\t\t\t\t<div class=\"elementor-element elementor-element-23375654 elementor-position-left elementor-vertical-align-top elementor-invisible elementor-widget elementor-widget-image-box\" data-id=\"23375654\" data-element_type=\"widget\" data-settings=\"{&quot;_animation&quot;:&quot;fadeInRight&quot;}\" data-widget_type=\"image-box.default\">\n\t\t\t\t<div class=\"elementor-widget-container\">\n\t\t\t<div class=\"elementor-image-box-wrapper\"><figure class=\"elementor-image-box-img\"><a href=\"http:\/\/plataformas.uantof.cl\/wp-content\/uploads\/2020\/04\/Orientaciones-para-disen%CC%83ar-un-curso.pdf\" target=\"_blank\"><img width=\"41\" height=\"34\" src=\"http:\/\/plataformas.uantof.cl\/wp-content\/uploads\/2021\/04\/descarga.png\" class=\"attachment-full size-full\" alt=\"\" loading=\"lazy\" \/><\/a><\/figure><div class=\"elementor-image-box-content\"><span class=\"elementor-image-box-title\"><a href=\"http:\/\/plataformas.uantof.cl\/wp-content\/uploads\/2020\/04\/Orientaciones-para-disen%CC%83ar-un-curso.pdf\" target=\"_blank\">Orientaciones para disen\u0303ar un curso<\/a><\/span><\/div><\/div>\t\t<\/div>\n\t\t\t\t<\/div>\n\t\t\t\t<div class=\"elementor-element elementor-element-6672e2a3 elementor-position-left elementor-vertical-align-top elementor-invisible elementor-widget elementor-widget-image-box\" data-id=\"6672e2a3\" data-element_type=\"widget\" data-settings=\"{&quot;_animation&quot;:&quot;fadeInRight&quot;}\" data-widget_type=\"image-box.default\">\n\t\t\t\t<div class=\"elementor-widget-container\">\n\t\t\t<div class=\"elementor-image-box-wrapper\"><figure class=\"elementor-image-box-img\"><a href=\"http:\/\/plataformas.uantof.cl\/wp-content\/uploads\/2020\/04\/Recursos-y-actividades-de-un-curso.pdf\" target=\"_blank\"><img width=\"41\" height=\"34\" src=\"http:\/\/plataformas.uantof.cl\/wp-content\/uploads\/2021\/04\/descarga.png\" class=\"attachment-full size-full\" alt=\"\" loading=\"lazy\" \/><\/a><\/figure><div class=\"elementor-image-box-content\"><span class=\"elementor-image-box-title\"><a href=\"http:\/\/plataformas.uantof.cl\/wp-content\/uploads\/2020\/04\/Recursos-y-actividades-de-un-curso.pdf\" target=\"_blank\">Recursos y actividades de un curso<\/a><\/span><\/div><\/div>\t\t<\/div>\n\t\t\t\t<\/div>\n\t\t\t\t<div class=\"elementor-element elementor-element-23df7c1e elementor-position-left elementor-vertical-align-top elementor-invisible elementor-widget elementor-widget-image-box\" data-id=\"23df7c1e\" data-element_type=\"widget\" data-settings=\"{&quot;_animation&quot;:&quot;fadeInRight&quot;}\" data-widget_type=\"image-box.default\">\n\t\t\t\t<div class=\"elementor-widget-container\">\n\t\t\t<div class=\"elementor-image-box-wrapper\"><figure class=\"elementor-image-box-img\"><a href=\"http:\/\/plataformas.uantof.cl\/wp-content\/uploads\/2020\/04\/ACTIVIDAD-Editar-Perfil.pdf\" target=\"_blank\"><img width=\"41\" height=\"34\" src=\"http:\/\/plataformas.uantof.cl\/wp-content\/uploads\/2021\/04\/descarga.png\" class=\"attachment-full size-full\" alt=\"\" loading=\"lazy\" \/><\/a><\/figure><div class=\"elementor-image-box-content\"><span class=\"elementor-image-box-title\"><a href=\"http:\/\/plataformas.uantof.cl\/wp-content\/uploads\/2020\/04\/ACTIVIDAD-Editar-Perfil.pdf\" target=\"_blank\">Actividad: Editar Perfil<\/a><\/span><\/div><\/div>\t\t<\/div>\n\t\t\t\t<\/div>\n\t\t\t\t<div class=\"elementor-element elementor-element-5f35c788 elementor-position-left elementor-vertical-align-top elementor-invisible elementor-widget elementor-widget-image-box\" data-id=\"5f35c788\" data-element_type=\"widget\" data-settings=\"{&quot;_animation&quot;:&quot;fadeInRight&quot;}\" data-widget_type=\"image-box.default\">\n\t\t\t\t<div class=\"elementor-widget-container\">\n\t\t\t<div class=\"elementor-image-box-wrapper\"><figure class=\"elementor-image-box-img\"><a href=\"http:\/\/plataformas.uantof.cl\/wp-content\/uploads\/2020\/04\/ACTIVIDAD-Enviar-Mensaje.pdf\" target=\"_blank\"><img width=\"41\" height=\"34\" src=\"http:\/\/plataformas.uantof.cl\/wp-content\/uploads\/2021\/04\/descarga.png\" class=\"attachment-full size-full\" alt=\"\" loading=\"lazy\" \/><\/a><\/figure><div class=\"elementor-image-box-content\"><span class=\"elementor-image-box-title\"><a href=\"http:\/\/plataformas.uantof.cl\/wp-content\/uploads\/2020\/04\/ACTIVIDAD-Enviar-Mensaje.pdf\" target=\"_blank\">Actividad: Enviar Mensaje<\/a><\/span><\/div><\/div>\t\t<\/div>\n\t\t\t\t<\/div>\n\t\t\t\t<div class=\"elementor-element elementor-element-2d9c9830 elementor-position-left elementor-vertical-align-top elementor-invisible elementor-widget elementor-widget-image-box\" data-id=\"2d9c9830\" data-element_type=\"widget\" data-settings=\"{&quot;_animation&quot;:&quot;fadeInRight&quot;}\" data-widget_type=\"image-box.default\">\n\t\t\t\t<div class=\"elementor-widget-container\">\n\t\t\t<div class=\"elementor-image-box-wrapper\"><figure class=\"elementor-image-box-img\"><a href=\"https:\/\/www.youtube.com\/watch?v=Qv3y4nJAdFY\" target=\"_blank\"><img width=\"41\" height=\"34\" src=\"http:\/\/plataformas.uantof.cl\/wp-content\/uploads\/2021\/04\/video-tutorial.png\" class=\"attachment-full size-full\" alt=\"\" loading=\"lazy\" \/><\/a><\/figure><div class=\"elementor-image-box-content\"><span class=\"elementor-image-box-title\"><a href=\"https:\/\/www.youtube.com\/watch?v=Qv3y4nJAdFY\" target=\"_blank\">\u00bfC\u00f3mo ingresar a moodle?<\/a><\/span><\/div><\/div>\t\t<\/div>\n\t\t\t\t<\/div>\n\t\t\t\t<div class=\"elementor-element elementor-element-11987b5a elementor-position-left elementor-vertical-align-top elementor-invisible elementor-widget elementor-widget-image-box\" data-id=\"11987b5a\" data-element_type=\"widget\" data-settings=\"{&quot;_animation&quot;:&quot;fadeInRight&quot;}\" data-widget_type=\"image-box.default\">\n\t\t\t\t<div class=\"elementor-widget-container\">\n\t\t\t<div class=\"elementor-image-box-wrapper\"><figure class=\"elementor-image-box-img\"><a href=\"https:\/\/www.youtube.com\/watch?v=xG2j31tjZEs\" target=\"_blank\"><img width=\"41\" height=\"34\" src=\"http:\/\/plataformas.uantof.cl\/wp-content\/uploads\/2021\/04\/video-tutorial.png\" class=\"attachment-full size-full\" alt=\"\" loading=\"lazy\" \/><\/a><\/figure><div class=\"elementor-image-box-content\"><span class=\"elementor-image-box-title\"><a href=\"https:\/\/www.youtube.com\/watch?v=xG2j31tjZEs\" target=\"_blank\">\u00bfC\u00f3mo navegar dentro de la plataforma?<\/a><\/span><\/div><\/div>\t\t<\/div>\n\t\t\t\t<\/div>\n\t\t\t\t\t<\/div>\n\t\t<\/div>\n\t\t\t\t<div class=\"elementor-column elementor-col-50 elementor-top-column elementor-element elementor-element-64a62263 elementor-invisible\" data-id=\"64a62263\" data-element_type=\"column\" data-settings=\"{&quot;background_background&quot;:&quot;classic&quot;,&quot;animation&quot;:&quot;fadeInRight&quot;}\">\n\t\t\t<div class=\"elementor-widget-wrap elementor-element-populated\">\n\t\t\t\t\t\t\t\t<div class=\"elementor-element elementor-element-4faecafa elementor-widget elementor-widget-heading\" data-id=\"4faecafa\" data-element_type=\"widget\" data-widget_type=\"heading.default\">\n\t\t\t\t<div class=\"elementor-widget-container\">\n\t\t\t<span class=\"elementor-heading-title elementor-size-default\">Ayuda y Contacto<\/span>\t\t<\/div>\n\t\t\t\t<\/div>\n\t\t\t\t<div class=\"elementor-element elementor-element-25da8ad2 elementor-widget elementor-widget-text-editor\" data-id=\"25da8ad2\" data-element_type=\"widget\" data-widget_type=\"text-editor.default\">\n\t\t\t\t<div class=\"elementor-widget-container\">\n\t\t\t\t\t\t\t\t<p>Los docentes ingresan con:<\/p><p><strong style=\"font-size: 15px; font-family: var( --e-global-typography-text-font-family ), Sans-serif;\">nombre.apellido (Ejemplo: mar\u00eda.perez)<\/strong><\/p><p>Los estudiantes ingresan con:<\/p><p><strong>Rut (sin puntos, con gui\u00f3n y dv)<\/strong><\/p><p>*Se entrega a todo usuario la clave gen\u00e9rica Abcd_123, con el compromiso que los usuarios (docentes y alumnos) deben cambiarla.<\/p><p>.<\/p>\t\t\t\t\t\t<\/div>\n\t\t\t\t<\/div>\n\t\t\t\t\t<\/div>\n\t\t<\/div>\n\t\t\t\t\t\t\t<\/div>\n\t\t<\/section>\n\t\t\t\t\t\t<\/div>\n\t\t\t\t\t<\/div>\n\t\t","protected":false},"excerpt":{"rendered":"<p>Tutoriales Uso de Plataforma Moodle Estimado acad\u00e9mico y estudiante: ponemos a su disposici\u00f3n diferentes recursos pedag\u00f3gicos e insumos que te facilitar\u00e1n la configuraci\u00f3n y utilizaci\u00f3n de la plataforma educativa Moodle. Tienes a disposici\u00f3n 6 documentos de base y dos tutoriales online para su uso. Manuales para docentes y estudiantes Manual Moodle para acade\u0301micos Manual Moodle &hellip;<\/p>\n<p class=\"read-more\"> <a class=\"\" href=\"http:\/\/plataformas.uantof.cl\/index.php\/tutorial-uso-moodle\/\"> <span class=\"screen-reader-text\">Tutorial Uso Moodle<\/span> Read More &raquo;<\/a><\/p>\n","protected":false},"author":4,"featured_media":0,"parent":0,"menu_order":0,"comment_status":"closed","ping_status":"closed","template":"elementor_header_footer","meta":[],"_links":{"self":[{"href":"http:\/\/plataformas.uantof.cl\/index.php\/wp-json\/wp\/v2\/pages\/464"}],"collection":[{"href":"http:\/\/plataformas.uantof.cl\/index.php\/wp-json\/wp\/v2\/pages"}],"about":[{"href":"http:\/\/plataformas.uantof.cl\/index.php\/wp-json\/wp\/v2\/types\/page"}],"author":[{"embeddable":true,"href":"http:\/\/plataformas.uantof.cl\/index.php\/wp-json\/wp\/v2\/users\/4"}],"replies":[{"embeddable":true,"href":"http:\/\/plataformas.uantof.cl\/index.php\/wp-json\/wp\/v2\/comments?post=464"}],"version-history":[{"count":4,"href":"http:\/\/plataformas.uantof.cl\/index.php\/wp-json\/wp\/v2\/pages\/464\/revisions"}],"predecessor-version":[{"id":474,"href":"http:\/\/plataformas.uantof.cl\/index.php\/wp-json\/wp\/v2\/pages\/464\/revisions\/474"}],"wp:attachment":[{"href":"http:\/\/plataformas.uantof.cl\/index.php\/wp-json\/wp\/v2\/media?parent=464"}],"curies":[{"name":"wp","href":"https:\/\/api.w.org\/{rel}","templated":true}]}}